{"id":2996,"date":"2024-07-10T13:04:05","date_gmt":"2024-07-10T13:04:05","guid":{"rendered":"https:\/\/bus24.biz\/?page_id=2996"},"modified":"2025-02-04T17:52:00","modified_gmt":"2025-02-04T17:52:00","slug":"mapa-strony","status":"publish","type":"page","link":"https:\/\/bus24.biz\/pl\/mapa-strony\/","title":{"rendered":"mapa strony"},"content":{"rendered":"<div data-elementor-type=\"wp-page\" data-elementor-id=\"2996\" class=\"elementor elementor-2996\" data-elementor-post-type=\"page\">\n\t\t\t\t<div class=\"elementor-element elementor-element-107fc13 e-flex e-con-boxed e-con e-parent\" data-id=\"107fc13\" data-element_type=\"container\" data-e-type=\"container\" data-settings=\"{&quot;background_background&quot;:&quot;classic&quot;}\">\n\t\t\t\t\t<div class=\"e-con-inner\">\n\t\t\t\t\t<\/div>\n\t\t\t\t<\/div>\n\t\t<div class=\"elementor-element elementor-element-4fffc6c e-con-full e-flex e-con e-parent\" data-id=\"4fffc6c\" data-element_type=\"container\" data-e-type=\"container\" data-settings=\"{&quot;background_background&quot;:&quot;classic&quot;}\">\n\t\t\t\t<div class=\"elementor-element elementor-element-c35fe76 elementor-invisible elementor-widget elementor-widget-heading\" data-id=\"c35fe76\" data-element_type=\"widget\" data-e-type=\"widget\" data-settings=\"{&quot;_animation&quot;:&quot;fadeIn&quot;}\" data-widget_type=\"heading.default\">\n\t\t\t\t<div class=\"elementor-widget-container\">\n\t\t\t\t\t<h1 class=\"elementor-heading-title elementor-size-default\">Bus24<\/h1>\t\t\t\t<\/div>\n\t\t\t\t<\/div>\n\t\t\t\t<\/div>\n\t\t<div class=\"elementor-element elementor-element-548e150 e-flex e-con-boxed e-con e-parent\" data-id=\"548e150\" data-element_type=\"container\" data-e-type=\"container\">\n\t\t\t\t\t<div class=\"e-con-inner\">\n\t\t\t\t<div class=\"elementor-element elementor-element-605c9dd elementor-widget-divider--view-line_icon elementor-widget__width-inherit elementor-view-default elementor-widget-divider--element-align-center elementor-widget elementor-widget-divider\" data-id=\"605c9dd\" data-element_type=\"widget\" data-e-type=\"widget\" data-widget_type=\"divider.default\">\n\t\t\t\t<div class=\"elementor-widget-container\">\n\t\t\t\t\t\t\t<div class=\"elementor-divider\">\n\t\t\t<span class=\"elementor-divider-separator\">\n\t\t\t\t\t\t\t<div class=\"elementor-icon elementor-divider__element\">\n\t\t\t\t\t<svg aria-hidden=\"true\" class=\"e-font-icon-svg e-fas-shuttle-van\" viewbox=\"0 0 640 512\" xmlns=\"http:\/\/www.w3.org\/2000\/svg\"><path d=\"M628.88 210.65L494.39 49.27A48.01 48.01 0 0 0 457.52 32H32C14.33 32 0 46.33 0 64v288c0 17.67 14.33 32 32 32h32c0 53.02 42.98 96 96 96s96-42.98 96-96h128c0 53.02 42.98 96 96 96s96-42.98 96-96h32c17.67 0 32-14.33 32-32V241.38c0-11.23-3.94-22.1-11.12-30.73zM64 192V96h96v96H64zm96 240c-26.51 0-48-21.49-48-48s21.49-48 48-48 48 21.49 48 48-21.49 48-48 48zm160-240h-96V96h96v96zm160 240c-26.51 0-48-21.49-48-48s21.49-48 48-48 48 21.49 48 48-21.49 48-48 48zm-96-240V96h66.02l80 96H384z\"><\/path><\/svg><\/div>\n\t\t\t\t\t\t<\/span>\n\t\t<\/div>\n\t\t\t\t\t\t<\/div>\n\t\t\t\t<\/div>\n\t\t\t\t\t<\/div>\n\t\t\t\t<\/div>\n\t\t<div class=\"elementor-element elementor-element-756a4d8 e-flex e-con-boxed e-con e-parent\" data-id=\"756a4d8\" data-element_type=\"container\" data-e-type=\"container\">\n\t\t\t\t\t<div class=\"e-con-inner\">\n\t\t\t\t<div class=\"elementor-element elementor-element-1e9edc7 elementor-widget elementor-widget-sitemap\" data-id=\"1e9edc7\" data-element_type=\"widget\" data-e-type=\"widget\" data-widget_type=\"sitemap.default\">\n\t\t\t\t<div class=\"elementor-widget-container\">\n\t\t\t\t\t<div class=\"elementor-sitemap-wrap\"><div class=\"elementor-sitemap-section\"><h2 class=\"elementor-sitemap-title elementor-sitemap-page-title\">Strony<\/h2><ul class=\"elementor-sitemap-list elementor-sitemap-page-list\"><li class=\"elementor-sitemap-item elementor-sitemap-item-page page_item page-item-2996\"><a href=\"https:\/\/bus24.biz\/pl\/mapa-strony\/\">mapa strony<\/a><\/li><li class=\"elementor-sitemap-item elementor-sitemap-item-page page_item page-item-2779\"><a href=\"https:\/\/bus24.biz\/pl\/lokalizacje\/inne-lokalizacje\/\">Inne lokalizacje<\/a><\/li><li class=\"elementor-sitemap-item elementor-sitemap-item-page page_item page-item-2737\"><a href=\"https:\/\/bus24.biz\/pl\/lokalizacje\/zory-uslugi-transportowe\/\">\u017bory<\/a><\/li><li class=\"elementor-sitemap-item elementor-sitemap-item-page page_item page-item-2725\"><a href=\"https:\/\/bus24.biz\/pl\/lokalizacje\/zaglebie-uslugi-transportowe\/\">Zag\u0142\u0119bie<\/a><\/li><li class=\"elementor-sitemap-item elementor-sitemap-item-page page_item page-item-2716\"><a href=\"https:\/\/bus24.biz\/pl\/lokalizacje\/zabrze-uslugi-transportowe\/\">Zabrze<\/a><\/li><li class=\"elementor-sitemap-item elementor-sitemap-item-page page_item page-item-2700\"><a href=\"https:\/\/bus24.biz\/pl\/lokalizacje\/wodzislaw-slaski-uslugi-transportowe\/\">Wodzis\u0142aw \u015al\u0105ski<\/a><\/li><li class=\"elementor-sitemap-item elementor-sitemap-item-page page_item page-item-2687\"><a href=\"https:\/\/bus24.biz\/pl\/lokalizacje\/wisla-uslugi-transportowe\/\">Wis\u0142a<\/a><\/li><li class=\"elementor-sitemap-item elementor-sitemap-item-page page_item page-item-2674\"><a href=\"https:\/\/bus24.biz\/pl\/lokalizacje\/ustron-uslugi-transportowe\/\">Ustro\u0144<\/a><\/li><li class=\"elementor-sitemap-item elementor-sitemap-item-page page_item page-item-2661\"><a href=\"https:\/\/bus24.biz\/pl\/lokalizacje\/tychy-uslugi-transportowe\/\">Tychy<\/a><\/li><li class=\"elementor-sitemap-item elementor-sitemap-item-page page_item page-item-2648\"><a href=\"https:\/\/bus24.biz\/pl\/lokalizacje\/tarnowskie-gory-uslugi-transportowe\/\">Tarnowskie G\u00f3ry<\/a><\/li><li class=\"elementor-sitemap-item elementor-sitemap-item-page page_item page-item-2639\"><a href=\"https:\/\/bus24.biz\/pl\/lokalizacje\/swietochlowice-uslugi-transportowe\/\">\u015awi\u0119toch\u0142owice<\/a><\/li><li class=\"elementor-sitemap-item elementor-sitemap-item-page page_item page-item-2626\"><a href=\"https:\/\/bus24.biz\/pl\/lokalizacje\/sosnowiec-uslugi-transportowe\/\">Sosnowiec<\/a><\/li><li class=\"elementor-sitemap-item elementor-sitemap-item-page page_item page-item-2613\"><a href=\"https:\/\/bus24.biz\/pl\/lokalizacje\/skoczow-uslugi-transportowe\/\">Skocz\u00f3w<\/a><\/li><li class=\"elementor-sitemap-item elementor-sitemap-item-page page_item page-item-2604\"><a href=\"https:\/\/bus24.biz\/pl\/lokalizacje\/siemianowice-slaskie-uslugi-transportowe\/\">Siemianowice \u015al\u0105skie<\/a><\/li><li class=\"elementor-sitemap-item elementor-sitemap-item-page page_item page-item-2591\"><a href=\"https:\/\/bus24.biz\/pl\/lokalizacje\/rybnik-uslugi-transportowe\/\">Rybnik<\/a><\/li><li class=\"elementor-sitemap-item elementor-sitemap-item-page page_item page-item-2582\"><a href=\"https:\/\/bus24.biz\/pl\/lokalizacje\/ruda-slaska-uslugi-transportowe\/\">Ruda \u015al\u0105ska<\/a><\/li><li class=\"elementor-sitemap-item elementor-sitemap-item-page page_item page-item-2571\"><a href=\"https:\/\/bus24.biz\/pl\/lokalizacje\/pyskowice-transportation-services\/\">Pyskowice<\/a><\/li><li class=\"elementor-sitemap-item elementor-sitemap-item-page page_item page-item-2559\"><a href=\"https:\/\/bus24.biz\/pl\/lokalizacje\/pszczyna-uslugi-transportowe\/\">Pszczyna<\/a><\/li><li class=\"elementor-sitemap-item elementor-sitemap-item-page page_item page-item-2550\"><a href=\"https:\/\/bus24.biz\/pl\/lokalizacje\/piekary-slaskie-uslugi-transportowe\/\">Piekary \u015al\u0105skie<\/a><\/li><li class=\"elementor-sitemap-item elementor-sitemap-item-page page_item page-item-2541\"><a href=\"https:\/\/bus24.biz\/pl\/lokalizacje\/opole-uslugi-transportowe\/\">Opole<\/a><\/li><li class=\"elementor-sitemap-item elementor-sitemap-item-page page_item page-item-2526\"><a href=\"https:\/\/bus24.biz\/pl\/lokalizacje\/myslowice-transportation-services\/\">Mys\u0142owice<\/a><\/li><li class=\"elementor-sitemap-item elementor-sitemap-item-page page_item page-item-2517\"><a href=\"https:\/\/bus24.biz\/pl\/lokalizacje\/mikolow-uslugi-transportowe\/\">Miko\u0142\u00f3w<\/a><\/li><li class=\"elementor-sitemap-item elementor-sitemap-item-page page_item page-item-2508\"><a href=\"https:\/\/bus24.biz\/pl\/lokalizacje\/lubliniec-uslugi-transportowe\/\">Lubliniec<\/a><\/li><li class=\"elementor-sitemap-item elementor-sitemap-item-page page_item page-item-2499\"><a href=\"https:\/\/bus24.biz\/pl\/lokalizacje\/krakow-uslugi-transportowe\/\">Krak\u00f3w<\/a><\/li><li class=\"elementor-sitemap-item elementor-sitemap-item-page page_item page-item-2490\"><a href=\"https:\/\/bus24.biz\/pl\/lokalizacje\/kedzierzyn-kozle-uslugi-transportowe\/\">K\u0119dzierzyn Ko\u017ale<\/a><\/li><li class=\"elementor-sitemap-item elementor-sitemap-item-page page_item page-item-2474\"><a href=\"https:\/\/bus24.biz\/pl\/lokalizacje\/katowice-uslugi-transportowe\/\">Katowice<\/a><\/li><li class=\"elementor-sitemap-item elementor-sitemap-item-page page_item page-item-2468\"><a href=\"https:\/\/bus24.biz\/pl\/lokalizacje\/jastrzebie-zdroj-uslugi-transportowe\/\">Jastrz\u0119bie Zdr\u00f3j<\/a><\/li><li class=\"elementor-sitemap-item elementor-sitemap-item-page page_item page-item-2390\"><a href=\"https:\/\/bus24.biz\/pl\/lokalizacje\/jaworzno-uslugi-transportowe\/\">jaworzno<\/a><\/li><li class=\"elementor-sitemap-item elementor-sitemap-item-page page_item page-item-2347\"><a href=\"https:\/\/bus24.biz\/pl\/lokalizacje\/gliwice-transportation-uslugi-transportowe\/\">Gliwice<\/a><\/li><li class=\"elementor-sitemap-item elementor-sitemap-item-page page_item page-item-2329\"><a href=\"https:\/\/bus24.biz\/pl\/lokalizacje\/dabrowa-gornicza-transportation-services\/\">D\u0105browa G\u00f3rnicza<\/a><\/li><li class=\"elementor-sitemap-item elementor-sitemap-item-page page_item page-item-2319\"><a href=\"https:\/\/bus24.biz\/pl\/lokalizacje\/czechowice-dziedzice-uslugi-transportowe\/\">Czechowice Dziedzice<\/a><\/li><li class=\"elementor-sitemap-item elementor-sitemap-item-page page_item page-item-2309\"><a href=\"https:\/\/bus24.biz\/pl\/lokalizacje\/czeladz-transportation-uslugi-transportowe\/\">Czelad\u017a<\/a><\/li><li class=\"elementor-sitemap-item elementor-sitemap-item-page page_item page-item-2299\"><a href=\"https:\/\/bus24.biz\/pl\/lokalizacje\/cieszyn-transportation-uslugi-transportowe\/\">Cieszyn<\/a><\/li><li class=\"elementor-sitemap-item elementor-sitemap-item-page page_item page-item-2283\"><a href=\"https:\/\/bus24.biz\/pl\/lokalizacje\/chorzow-transportation-uslugi-transportowe\/\">Chorz\u00f3w<\/a><\/li><li class=\"elementor-sitemap-item elementor-sitemap-item-page page_item page-item-2266\"><a href=\"https:\/\/bus24.biz\/pl\/lokalizacje\/bytom-transportation-uslugi-transportowe\/\">Bytom<\/a><\/li><li class=\"elementor-sitemap-item elementor-sitemap-item-page page_item page-item-2244\"><a href=\"https:\/\/bus24.biz\/pl\/lokalizacje\/bielsko-biala-uslugi-transportowe\/\">Bielsko Bia\u0142a<\/a><\/li><li class=\"elementor-sitemap-item elementor-sitemap-item-page page_item page-item-2218\"><a href=\"https:\/\/bus24.biz\/pl\/lokalizacje\/bedzin-uslugi-transportowe\/\">B\u0119dzin<\/a><\/li><li class=\"elementor-sitemap-item elementor-sitemap-item-page page_item page-item-2144\"><a href=\"https:\/\/bus24.biz\/pl\/lokalizacje\/\">Lokalizacje<\/a><\/li><li class=\"elementor-sitemap-item elementor-sitemap-item-page page_item page-item-2126\"><a href=\"https:\/\/bus24.biz\/pl\/uslugi-transportowe\/transport-na-imprezy-okolicznosciowe\/\">Transport na wydarzenia specjalne<\/a><\/li><li class=\"elementor-sitemap-item elementor-sitemap-item-page page_item page-item-2116\"><a href=\"https:\/\/bus24.biz\/pl\/uslugi-transportowe\/wynajem-busow\/\">Wynajem autobus\u00f3w<\/a><\/li><li class=\"elementor-sitemap-item elementor-sitemap-item-page page_item page-item-2104\"><a href=\"https:\/\/bus24.biz\/pl\/uslugi-transportowe\/transport-konferencyjny\/\">Transport konferencyjny<\/a><\/li><li class=\"elementor-sitemap-item elementor-sitemap-item-page page_item page-item-2059\"><a href=\"https:\/\/bus24.biz\/pl\/uslugi-transportowe\/wyjazdy-narciarskie-transport\/\">Wyjazdy narciarskie Transport<\/a><\/li><li class=\"elementor-sitemap-item elementor-sitemap-item-page page_item page-item-2047\"><a href=\"https:\/\/bus24.biz\/pl\/uslugi-transportowe\/transport-weselny\/\">Transport \u015blubny<\/a><\/li><li class=\"elementor-sitemap-item elementor-sitemap-item-page page_item page-item-2027\"><a href=\"https:\/\/bus24.biz\/pl\/uslugi-transportowe\/transport-wycieczek\/\">Transport turyst\u00f3w i wycieczek<\/a><\/li><li class=\"elementor-sitemap-item elementor-sitemap-item-page page_item page-item-2000\"><a href=\"https:\/\/bus24.biz\/pl\/uslugi-transportowe\/transport-osob\/\">Transport og\u00f3lny<\/a><\/li><li class=\"elementor-sitemap-item elementor-sitemap-item-page page_item page-item-1969\"><a href=\"https:\/\/bus24.biz\/pl\/uslugi-transportowe\/transport-biznesowy\/\">Transport biznesowy<\/a><\/li><li class=\"elementor-sitemap-item elementor-sitemap-item-page page_item page-item-1867\"><a href=\"https:\/\/bus24.biz\/pl\/uslugi-transportowe\/transfer-lotniskowy\/\">Transfer lotniskowy<\/a><\/li><li class=\"elementor-sitemap-item elementor-sitemap-item-page page_item page-item-1354\"><a href=\"https:\/\/bus24.biz\/pl\/skontaktuj-sie-z-nami\/\">Kontakt<\/a><\/li><li class=\"elementor-sitemap-item elementor-sitemap-item-page page_item page-item-1350\"><a href=\"https:\/\/bus24.biz\/pl\/uzyskaj-wycene\/\">Wycena<\/a><\/li><li class=\"elementor-sitemap-item elementor-sitemap-item-page page_item page-item-1345\"><a href=\"https:\/\/bus24.biz\/pl\/uslugi-transportowe\/\">Us\u0142ugi<\/a><\/li><li class=\"elementor-sitemap-item elementor-sitemap-item-page page_item page-item-1316\"><a href=\"https:\/\/bus24.biz\/pl\/style-globalne\/\">Globalne style<\/a><\/li><li class=\"elementor-sitemap-item elementor-sitemap-item-page page_item page-item-530\"><a href=\"https:\/\/bus24.biz\/pl\/o-nas\/\">O nas | Profesjonalny transport os\u00f3b | Bus24<\/a><\/li><li class=\"elementor-sitemap-item elementor-sitemap-item-page page_item page-item-529\"><a href=\"https:\/\/bus24.biz\/pl\/\">Strona g\u0142\u00f3wna<\/a><\/li><\/ul><\/div><\/div>\t\t\t\t<\/div>\n\t\t\t\t<\/div>\n\t\t\t\t\t<\/div>\n\t\t\t\t<\/div>\n\t\t\t\t<\/div>","protected":false},"excerpt":{"rendered":"<p>Bus24<\/p>","protected":false},"author":1,"featured_media":0,"parent":0,"menu_order":0,"comment_status":"closed","ping_status":"closed","template":"","meta":{"footnotes":""},"class_list":["post-2996","page","type-page","status-publish","hentry"],"_links":{"self":[{"href":"https:\/\/bus24.biz\/pl\/wp-json\/wp\/v2\/pages\/2996","targetHints":{"allow":["GET"]}}],"collection":[{"href":"https:\/\/bus24.biz\/pl\/wp-json\/wp\/v2\/pages"}],"about":[{"href":"https:\/\/bus24.biz\/pl\/wp-json\/wp\/v2\/types\/page"}],"author":[{"embeddable":true,"href":"https:\/\/bus24.biz\/pl\/wp-json\/wp\/v2\/users\/1"}],"replies":[{"embeddable":true,"href":"https:\/\/bus24.biz\/pl\/wp-json\/wp\/v2\/comments?post=2996"}],"version-history":[{"count":10,"href":"https:\/\/bus24.biz\/pl\/wp-json\/wp\/v2\/pages\/2996\/revisions"}],"predecessor-version":[{"id":3388,"href":"https:\/\/bus24.biz\/pl\/wp-json\/wp\/v2\/pages\/2996\/revisions\/3388"}],"wp:attachment":[{"href":"https:\/\/bus24.biz\/pl\/wp-json\/wp\/v2\/media?parent=2996"}],"curies":[{"name":"wp","href":"https:\/\/api.w.org\/{rel}","templated":true}]}}